{"id":1089365,"date":"2024-01-05T13:16:12","date_gmt":"2024-01-05T12:16:12","guid":{"rendered":"https:\/\/skoteraventyr.se\/produkt\/tour-2-supplement-for-sledging\/"},"modified":"2026-02-20T08:13:41","modified_gmt":"2026-02-20T07:13:41","slug":"tour-2-supplement-for-sledging","status":"publish","type":"product","link":"https:\/\/skoteraventyr.se\/en\/produkt\/tour-2-supplement-for-sledging\/","title":{"rendered":"Tour 2, Supplement for sledging"},"content":{"rendered":"<p>Magical snowmobile tour over the bare mountain in Gr\u00f6velsj\u00f6fj\u00e4llens unbeatable mountain world<br \/>\nAll scooters are touring scooters and take a maximum of 2 passengers.<br \/>\nIn the sled can sit 1 adult and 2 smaller children.<br \/>\nEverything is included in the tour even towels for the sauna.<\/p>\n<p><strong>Price: 3200 kr. \/ scooter. 500 kr. in addition for sledges.<\/strong><\/p>\n<p>Price information and booking requests can be sent to info@skoteraventyr.se  <\/p>\n","protected":false},"excerpt":{"rendered":"<p>Magical snowmobile tour over the bare mountain in Gr\u00f6velsj\u00f6fj\u00e4llens unbeatable mountain world All scooters are touring scooters and take a maximum of 2 passengers. In the sled can sit 1 adult and 2 smaller children. Everything is included in the tour even towels for the sauna. Price: 3200 kr. \/ scooter. 500 kr. in addition [&hellip;]<\/p>\n","protected":false},"featured_media":1089482,"template":"","meta":{"_et_pb_use_builder":"","_et_pb_old_content":"","_et_gb_content_width":""},"product_brand":[],"product_cat":[25],"product_tag":[],"class_list":{"0":"post-1089365","1":"product","2":"type-product","3":"status-publish","4":"has-post-thumbnail","6":"product_cat-okategoriserad","8":"first","9":"instock","10":"shipping-taxable","11":"purchasable","12":"product-type-phive_booking"},"_links":{"self":[{"href":"https:\/\/skoteraventyr.se\/en\/wp-json\/wp\/v2\/product\/1089365","targetHints":{"allow":["GET"]}}],"collection":[{"href":"https:\/\/skoteraventyr.se\/en\/wp-json\/wp\/v2\/product"}],"about":[{"href":"https:\/\/skoteraventyr.se\/en\/wp-json\/wp\/v2\/types\/product"}],"wp:featuredmedia":[{"embeddable":true,"href":"https:\/\/skoteraventyr.se\/en\/wp-json\/wp\/v2\/media\/1089482"}],"wp:attachment":[{"href":"https:\/\/skoteraventyr.se\/en\/wp-json\/wp\/v2\/media?parent=1089365"}],"wp:term":[{"taxonomy":"product_brand","embeddable":true,"href":"https:\/\/skoteraventyr.se\/en\/wp-json\/wp\/v2\/product_brand?post=1089365"},{"taxonomy":"product_cat","embeddable":true,"href":"https:\/\/skoteraventyr.se\/en\/wp-json\/wp\/v2\/product_cat?post=1089365"},{"taxonomy":"product_tag","embeddable":true,"href":"https:\/\/skoteraventyr.se\/en\/wp-json\/wp\/v2\/product_tag?post=1089365"}],"curies":[{"name":"wp","href":"https:\/\/api.w.org\/{rel}","templated":true}]}}